{"id":13,"date":"2022-08-09T22:31:40","date_gmt":"2022-08-09T20:31:40","guid":{"rendered":"http:\/\/gaden.eu\/?page_id=13"},"modified":"2022-08-10T17:45:03","modified_gmt":"2022-08-10T15:45:03","slug":"lensemble-gaden","status":"publish","type":"page","link":"https:\/\/gaden.eu\/","title":{"rendered":"L&#039;ensemble GADEN"},"content":{"rendered":"\n<h2>Ensemble de Musique autour de la tradition Japonaise du Sankyoku<\/h2>\n\n\n\n<p><\/p>\n\n\n\n<figure class=\"wp-block-image size-large\"><img loading=\"lazy\" width=\"1024\" height=\"694\" src=\"https:\/\/gaden.eu\/wp-content\/uploads\/2022\/08\/trio-3-retouch-1024x694.jpg\" alt=\"\" class=\"wp-image-26\" title=\"\" srcset=\"https:\/\/gaden.eu\/wp-content\/uploads\/2022\/08\/trio-3-retouch-1024x694.jpg 1024w, https:\/\/gaden.eu\/wp-content\/uploads\/2022\/08\/trio-3-retouch-300x203.jpg 300w, https:\/\/gaden.eu\/wp-content\/uploads\/2022\/08\/trio-3-retouch-768x521.jpg 768w, https:\/\/gaden.eu\/wp-content\/uploads\/2022\/08\/trio-3-retouch-1536x1041.jpg 1536w, https:\/\/gaden.eu\/wp-content\/uploads\/2022\/08\/trio-3-retouch-2048x1388.jpg 2048w, https:\/\/gaden.eu\/wp-content\/uploads\/2022\/08\/trio-3-retouch-1568x1063.jpg 1568w\" sizes=\"(max-width: 1024px) 100vw, 1024px\" \/><\/figure>\n\n\n\n<p>Le r\u00e9pertoire du trio Gaden puise dans plusieurs styles de musiques<br>japonaises traditionnelles : le Jiuta (\u00ab chant des provinces \u00bb), r\u00e9pertoire du<br>luth shamisen, le Sookyoku, r\u00e9pertoire musical de la cithare koto et le<br>Honkyoku (\u00ab pi\u00e8ces fondamentales \u00bb) constituant le r\u00e9pertoire central de la<br>fl\u00fbte shakuhachi. Gaden est compos\u00e9 d&rsquo;Akari Sagara au koto et au chant, de<br>Christophe Kazan Gaston au shakuhachi et de Guillaume Fiat au shamisen.<br>Les formations traditionnelles du type de Gaden sont qualifi\u00e9es d\u2019orchestre<br>de Sankyoku (\u00ab pi\u00e8ces musicales \u00e0 trois \u00bb) et repr\u00e9sente un exemple typique<br>de formations d\u00e9di\u00e9es \u00e0 la musique \u00ab savante \u00bb ou \u00ab classique \u00bb japonaise.<br>Les pi\u00e8ces pr\u00e9sent\u00e9es ont, pour la plupart, \u00e9t\u00e9 compos\u00e9es \u00e0 l\u2019\u00e9poque Edo<br>(1603 \u2013 1868), \u00e9poque o\u00f9 le bouddhisme est tr\u00e8s influent et marque<br>l\u2019esth\u00e9tique des \u0153uvres artistiques.<\/p>\n","protected":false},"excerpt":{"rendered":"<p>Ensemble de Musique autour de la tradition Japonaise du Sankyoku Le r\u00e9pertoire du trio Gaden puise dans plusieurs styles de musiquesjaponaises traditionnelles : le Jiuta (\u00ab chant des provinces \u00bb), r\u00e9pertoire duluth shamisen, le Sookyoku, r\u00e9pertoire musical de la cithare koto et leHonkyoku (\u00ab pi\u00e8ces fondamentales \u00bb) constituant le r\u00e9pertoire central de lafl\u00fbte shakuhachi. Gaden &hellip; <\/p>\n<p class=\"link-more\"><a href=\"https:\/\/gaden.eu\/\" class=\"more-link\">Continuer la lecture <span class=\"screen-reader-text\"> \u00ab\u00a0L&#039;ensemble GADEN\u00a0\u00bb<\/span><\/a><\/p>\n","protected":false},"author":1,"featured_media":0,"parent":0,"menu_order":1,"comment_status":"closed","ping_status":"open","template":"","meta":[],"_links":{"self":[{"href":"https:\/\/gaden.eu\/index.php\/wp-json\/wp\/v2\/pages\/13"}],"collection":[{"href":"https:\/\/gaden.eu\/index.php\/wp-json\/wp\/v2\/pages"}],"about":[{"href":"https:\/\/gaden.eu\/index.php\/wp-json\/wp\/v2\/types\/page"}],"author":[{"embeddable":true,"href":"https:\/\/gaden.eu\/index.php\/wp-json\/wp\/v2\/users\/1"}],"replies":[{"embeddable":true,"href":"https:\/\/gaden.eu\/index.php\/wp-json\/wp\/v2\/comments?post=13"}],"version-history":[{"count":3,"href":"https:\/\/gaden.eu\/index.php\/wp-json\/wp\/v2\/pages\/13\/revisions"}],"predecessor-version":[{"id":27,"href":"https:\/\/gaden.eu\/index.php\/wp-json\/wp\/v2\/pages\/13\/revisions\/27"}],"wp:attachment":[{"href":"https:\/\/gaden.eu\/index.php\/wp-json\/wp\/v2\/media?parent=13"}],"curies":[{"name":"wp","href":"https:\/\/api.w.org\/{rel}","templated":true}]}}